{"id":4088,"date":"2019-11-23T11:17:30","date_gmt":"2019-11-23T11:17:30","guid":{"rendered":"https:\/\/www.bandifoods.eu\/product\/ekologicheskiy-mayonez-daumantu-s-morskoy-solyu-66-zhirnosti-400-g\/"},"modified":"2021-04-08T15:53:07","modified_gmt":"2021-04-08T15:53:07","slug":"ekologicheskiy-mayonez-daumantu-s-morskoy-solyu-66-zhirnosti-400-g","status":"publish","type":"product","link":"https:\/\/www.bandifoods.eu\/ru\/produkt\/ekologicheskiy-mayonez-daumantu-s-morskoy-solyu-66-zhirnosti-400-g\/","title":{"rendered":"\u042d\u043a\u043e\u043b\u043e\u0433\u0438\u0447\u0435\u0441\u043a\u0438\u0439 \u043c\u0430\u0439\u043e\u043d\u0435\u0437 DAUMANT\u0172 \u0441 \u043c\u043e\u0440\u0441\u043a\u043e\u0439 \u0441\u043e\u043b\u044c\u044e 66% \u0436\u0438\u0440\u043d\u043e\u0441\u0442\u0438, 400 \u0433"},"content":{"rendered":"","protected":false},"excerpt":{"rendered":"","protected":false},"featured_media":4083,"template":"","meta":{"_acf_changed":false},"product_brand":[],"product_cat":[758,1025,1442],"product_tag":[],"class_list":{"0":"post-4088","1":"product","2":"type-product","3":"status-publish","4":"has-post-thumbnail","6":"product_cat-okhlazhdonnyye-produkty-0-plyus-6","7":"product_cat-mayonezy-i-sousy","8":"product_cat-mayonezy","10":"first","11":"instock","12":"shipping-taxable","13":"purchasable","14":"product-type-simple"},"acf":[],"yoast_head":"<!-- This site is optimized with the Yoast SEO plugin v24.8.1 - https:\/\/yoast.com\/wordpress\/plugins\/seo\/ -->\n<title>\u042d\u043a\u043e\u043b\u043e\u0433\u0438\u0447\u0435\u0441\u043a\u0438\u0439 \u043c\u0430\u0439\u043e\u043d\u0435\u0437 DAUMANT\u0172 \u0441 \u043c\u043e\u0440\u0441\u043a\u043e\u0439 \u0441\u043e\u043b\u044c\u044e 66% \u0436\u0438\u0440\u043d\u043e\u0441\u0442\u0438, 400 \u0433 - Bandi Foods Europe | Wholesale Food Distributor<\/title>\n<meta name=\"robots\" content=\"index, follow, max-snippet:-1, max-image-preview:large, max-video-preview:-1\" \/>\n<link rel=\"canonical\" href=\"https:\/\/www.bandifoods.eu\/ru\/produkt\/ekologicheskiy-mayonez-daumantu-s-morskoy-solyu-66-zhirnosti-400-g\/\" \/>\n<meta property=\"og:locale\" content=\"ru_RU\" \/>\n<meta property=\"og:type\" content=\"article\" \/>\n<meta property=\"og:title\" content=\"\u042d\u043a\u043e\u043b\u043e\u0433\u0438\u0447\u0435\u0441\u043a\u0438\u0439 \u043c\u0430\u0439\u043e\u043d\u0435\u0437 DAUMANT\u0172 \u0441 \u043c\u043e\u0440\u0441\u043a\u043e\u0439 \u0441\u043e\u043b\u044c\u044e 66% \u0436\u0438\u0440\u043d\u043e\u0441\u0442\u0438, 400 \u0433 - Bandi Foods Europe | Wholesale Food Distributor\" \/>\n<meta property=\"og:url\" content=\"https:\/\/www.bandifoods.eu\/ru\/produkt\/ekologicheskiy-mayonez-daumantu-s-morskoy-solyu-66-zhirnosti-400-g\/\" \/>\n<meta property=\"og:site_name\" content=\"Bandi Foods Europe | Wholesale Food Distributor\" \/>\n<meta property=\"article:modified_time\" content=\"2021-04-08T15:53:07+00:00\" \/>\n<meta property=\"og:image\" content=\"https:\/\/www.bandifoods.eu\/wp-content\/uploads\/2019\/11\/Ekologi\u0161kas-majonezas-Daumant\u0173-su-j\u016bros-druska-400-g.png\" \/>\n\t<meta property=\"og:image:width\" content=\"520\" \/>\n\t<meta property=\"og:image:height\" content=\"800\" \/>\n\t<meta property=\"og:image:type\" content=\"image\/png\" \/>\n<meta name=\"twitter:card\" content=\"summary_large_image\" \/>\n<script type=\"application\/ld+json\" class=\"yoast-schema-graph\">{\"@context\":\"https:\/\/schema.org\",\"@graph\":[{\"@type\":\"WebPage\",\"@id\":\"https:\/\/www.bandifoods.eu\/ru\/produkt\/ekologicheskiy-mayonez-daumantu-s-morskoy-solyu-66-zhirnosti-400-g\/\",\"url\":\"https:\/\/www.bandifoods.eu\/ru\/produkt\/ekologicheskiy-mayonez-daumantu-s-morskoy-solyu-66-zhirnosti-400-g\/\",\"name\":\"\u042d\u043a\u043e\u043b\u043e\u0433\u0438\u0447\u0435\u0441\u043a\u0438\u0439 \u043c\u0430\u0439\u043e\u043d\u0435\u0437 DAUMANT\u0172 \u0441 \u043c\u043e\u0440\u0441\u043a\u043e\u0439 \u0441\u043e\u043b\u044c\u044e 66% \u0436\u0438\u0440\u043d\u043e\u0441\u0442\u0438, 400 \u0433 - Bandi Foods Europe | Wholesale Food Distributor\",\"isPartOf\":{\"@id\":\"https:\/\/www.bandifoods.eu\/#website\"},\"primaryImageOfPage\":{\"@id\":\"https:\/\/www.bandifoods.eu\/ru\/produkt\/ekologicheskiy-mayonez-daumantu-s-morskoy-solyu-66-zhirnosti-400-g\/#primaryimage\"},\"image\":{\"@id\":\"https:\/\/www.bandifoods.eu\/ru\/produkt\/ekologicheskiy-mayonez-daumantu-s-morskoy-solyu-66-zhirnosti-400-g\/#primaryimage\"},\"thumbnailUrl\":\"https:\/\/www.bandifoods.eu\/wp-content\/uploads\/2019\/11\/Ekologi\u0161kas-majonezas-Daumant\u0173-su-j\u016bros-druska-400-g.png\",\"datePublished\":\"2019-11-23T11:17:30+00:00\",\"dateModified\":\"2021-04-08T15:53:07+00:00\",\"breadcrumb\":{\"@id\":\"https:\/\/www.bandifoods.eu\/ru\/produkt\/ekologicheskiy-mayonez-daumantu-s-morskoy-solyu-66-zhirnosti-400-g\/#breadcrumb\"},\"inLanguage\":\"ru-RU\",\"potentialAction\":[{\"@type\":\"ReadAction\",\"target\":[\"https:\/\/www.bandifoods.eu\/ru\/produkt\/ekologicheskiy-mayonez-daumantu-s-morskoy-solyu-66-zhirnosti-400-g\/\"]}]},{\"@type\":\"ImageObject\",\"inLanguage\":\"ru-RU\",\"@id\":\"https:\/\/www.bandifoods.eu\/ru\/produkt\/ekologicheskiy-mayonez-daumantu-s-morskoy-solyu-66-zhirnosti-400-g\/#primaryimage\",\"url\":\"https:\/\/www.bandifoods.eu\/wp-content\/uploads\/2019\/11\/Ekologi\u0161kas-majonezas-Daumant\u0173-su-j\u016bros-druska-400-g.png\",\"contentUrl\":\"https:\/\/www.bandifoods.eu\/wp-content\/uploads\/2019\/11\/Ekologi\u0161kas-majonezas-Daumant\u0173-su-j\u016bros-druska-400-g.png\",\"width\":520,\"height\":800},{\"@type\":\"BreadcrumbList\",\"@id\":\"https:\/\/www.bandifoods.eu\/ru\/produkt\/ekologicheskiy-mayonez-daumantu-s-morskoy-solyu-66-zhirnosti-400-g\/#breadcrumb\",\"itemListElement\":[{\"@type\":\"ListItem\",\"position\":1,\"name\":\"Home\",\"item\":\"https:\/\/www.bandifoods.eu\/ru\/\"},{\"@type\":\"ListItem\",\"position\":2,\"name\":\"\u041c\u0430\u0433\u0430\u0437\u0438\u043d\",\"item\":\"https:\/\/www.bandifoods.eu\/ru\/shop\/\"},{\"@type\":\"ListItem\",\"position\":3,\"name\":\"\u042d\u043a\u043e\u043b\u043e\u0433\u0438\u0447\u0435\u0441\u043a\u0438\u0439 \u043c\u0430\u0439\u043e\u043d\u0435\u0437 DAUMANT\u0172 \u0441 \u043c\u043e\u0440\u0441\u043a\u043e\u0439 \u0441\u043e\u043b\u044c\u044e 66% \u0436\u0438\u0440\u043d\u043e\u0441\u0442\u0438, 400 \u0433\"}]},{\"@type\":\"WebSite\",\"@id\":\"https:\/\/www.bandifoods.eu\/#website\",\"url\":\"https:\/\/www.bandifoods.eu\/\",\"name\":\"Bandi Foods Europe | Wholesale Food Distributor\",\"description\":\"Wholesale and Distribution\",\"publisher\":{\"@id\":\"https:\/\/www.bandifoods.eu\/#organization\"},\"potentialAction\":[{\"@type\":\"SearchAction\",\"target\":{\"@type\":\"EntryPoint\",\"urlTemplate\":\"https:\/\/www.bandifoods.eu\/?s={search_term_string}\"},\"query-input\":{\"@type\":\"PropertyValueSpecification\",\"valueRequired\":true,\"valueName\":\"search_term_string\"}}],\"inLanguage\":\"ru-RU\"},{\"@type\":\"Organization\",\"@id\":\"https:\/\/www.bandifoods.eu\/#organization\",\"name\":\"BandiFoods\",\"url\":\"https:\/\/www.bandifoods.eu\/\",\"logo\":{\"@type\":\"ImageObject\",\"inLanguage\":\"ru-RU\",\"@id\":\"https:\/\/www.bandifoods.eu\/#\/schema\/logo\/image\/\",\"url\":\"https:\/\/www.bandifoods.eu\/wp-content\/uploads\/2019\/01\/logo.png\",\"contentUrl\":\"https:\/\/www.bandifoods.eu\/wp-content\/uploads\/2019\/01\/logo.png\",\"width\":136,\"height\":107,\"caption\":\"BandiFoods\"},\"image\":{\"@id\":\"https:\/\/www.bandifoods.eu\/#\/schema\/logo\/image\/\"}}]}<\/script>\n<!-- \/ Yoast SEO plugin. -->","yoast_head_json":{"title":"\u042d\u043a\u043e\u043b\u043e\u0433\u0438\u0447\u0435\u0441\u043a\u0438\u0439 \u043c\u0430\u0439\u043e\u043d\u0435\u0437 DAUMANT\u0172 \u0441 \u043c\u043e\u0440\u0441\u043a\u043e\u0439 \u0441\u043e\u043b\u044c\u044e 66% \u0436\u0438\u0440\u043d\u043e\u0441\u0442\u0438, 400 \u0433 - Bandi Foods Europe | Wholesale Food Distributor","robots":{"index":"index","follow":"follow","max-snippet":"max-snippet:-1","max-image-preview":"max-image-preview:large","max-video-preview":"max-video-preview:-1"},"canonical":"https:\/\/www.bandifoods.eu\/ru\/produkt\/ekologicheskiy-mayonez-daumantu-s-morskoy-solyu-66-zhirnosti-400-g\/","og_locale":"ru_RU","og_type":"article","og_title":"\u042d\u043a\u043e\u043b\u043e\u0433\u0438\u0447\u0435\u0441\u043a\u0438\u0439 \u043c\u0430\u0439\u043e\u043d\u0435\u0437 DAUMANT\u0172 \u0441 \u043c\u043e\u0440\u0441\u043a\u043e\u0439 \u0441\u043e\u043b\u044c\u044e 66% \u0436\u0438\u0440\u043d\u043e\u0441\u0442\u0438, 400 \u0433 - Bandi Foods Europe | Wholesale Food Distributor","og_url":"https:\/\/www.bandifoods.eu\/ru\/produkt\/ekologicheskiy-mayonez-daumantu-s-morskoy-solyu-66-zhirnosti-400-g\/","og_site_name":"Bandi Foods Europe | Wholesale Food Distributor","article_modified_time":"2021-04-08T15:53:07+00:00","og_image":[{"width":520,"height":800,"url":"https:\/\/www.bandifoods.eu\/wp-content\/uploads\/2019\/11\/Ekologi\u0161kas-majonezas-Daumant\u0173-su-j\u016bros-druska-400-g.png","type":"image\/png"}],"twitter_card":"summary_large_image","schema":{"@context":"https:\/\/schema.org","@graph":[{"@type":"WebPage","@id":"https:\/\/www.bandifoods.eu\/ru\/produkt\/ekologicheskiy-mayonez-daumantu-s-morskoy-solyu-66-zhirnosti-400-g\/","url":"https:\/\/www.bandifoods.eu\/ru\/produkt\/ekologicheskiy-mayonez-daumantu-s-morskoy-solyu-66-zhirnosti-400-g\/","name":"\u042d\u043a\u043e\u043b\u043e\u0433\u0438\u0447\u0435\u0441\u043a\u0438\u0439 \u043c\u0430\u0439\u043e\u043d\u0435\u0437 DAUMANT\u0172 \u0441 \u043c\u043e\u0440\u0441\u043a\u043e\u0439 \u0441\u043e\u043b\u044c\u044e 66% \u0436\u0438\u0440\u043d\u043e\u0441\u0442\u0438, 400 \u0433 - Bandi Foods Europe | Wholesale Food Distributor","isPartOf":{"@id":"https:\/\/www.bandifoods.eu\/#website"},"primaryImageOfPage":{"@id":"https:\/\/www.bandifoods.eu\/ru\/produkt\/ekologicheskiy-mayonez-daumantu-s-morskoy-solyu-66-zhirnosti-400-g\/#primaryimage"},"image":{"@id":"https:\/\/www.bandifoods.eu\/ru\/produkt\/ekologicheskiy-mayonez-daumantu-s-morskoy-solyu-66-zhirnosti-400-g\/#primaryimage"},"thumbnailUrl":"https:\/\/www.bandifoods.eu\/wp-content\/uploads\/2019\/11\/Ekologi\u0161kas-majonezas-Daumant\u0173-su-j\u016bros-druska-400-g.png","datePublished":"2019-11-23T11:17:30+00:00","dateModified":"2021-04-08T15:53:07+00:00","breadcrumb":{"@id":"https:\/\/www.bandifoods.eu\/ru\/produkt\/ekologicheskiy-mayonez-daumantu-s-morskoy-solyu-66-zhirnosti-400-g\/#breadcrumb"},"inLanguage":"ru-RU","potentialAction":[{"@type":"ReadAction","target":["https:\/\/www.bandifoods.eu\/ru\/produkt\/ekologicheskiy-mayonez-daumantu-s-morskoy-solyu-66-zhirnosti-400-g\/"]}]},{"@type":"ImageObject","inLanguage":"ru-RU","@id":"https:\/\/www.bandifoods.eu\/ru\/produkt\/ekologicheskiy-mayonez-daumantu-s-morskoy-solyu-66-zhirnosti-400-g\/#primaryimage","url":"https:\/\/www.bandifoods.eu\/wp-content\/uploads\/2019\/11\/Ekologi\u0161kas-majonezas-Daumant\u0173-su-j\u016bros-druska-400-g.png","contentUrl":"https:\/\/www.bandifoods.eu\/wp-content\/uploads\/2019\/11\/Ekologi\u0161kas-majonezas-Daumant\u0173-su-j\u016bros-druska-400-g.png","width":520,"height":800},{"@type":"BreadcrumbList","@id":"https:\/\/www.bandifoods.eu\/ru\/produkt\/ekologicheskiy-mayonez-daumantu-s-morskoy-solyu-66-zhirnosti-400-g\/#breadcrumb","itemListElement":[{"@type":"ListItem","position":1,"name":"Home","item":"https:\/\/www.bandifoods.eu\/ru\/"},{"@type":"ListItem","position":2,"name":"\u041c\u0430\u0433\u0430\u0437\u0438\u043d","item":"https:\/\/www.bandifoods.eu\/ru\/shop\/"},{"@type":"ListItem","position":3,"name":"\u042d\u043a\u043e\u043b\u043e\u0433\u0438\u0447\u0435\u0441\u043a\u0438\u0439 \u043c\u0430\u0439\u043e\u043d\u0435\u0437 DAUMANT\u0172 \u0441 \u043c\u043e\u0440\u0441\u043a\u043e\u0439 \u0441\u043e\u043b\u044c\u044e 66% \u0436\u0438\u0440\u043d\u043e\u0441\u0442\u0438, 400 \u0433"}]},{"@type":"WebSite","@id":"https:\/\/www.bandifoods.eu\/#website","url":"https:\/\/www.bandifoods.eu\/","name":"Bandi Foods Europe | Wholesale Food Distributor","description":"Wholesale and Distribution","publisher":{"@id":"https:\/\/www.bandifoods.eu\/#organization"},"potentialAction":[{"@type":"SearchAction","target":{"@type":"EntryPoint","urlTemplate":"https:\/\/www.bandifoods.eu\/?s={search_term_string}"},"query-input":{"@type":"PropertyValueSpecification","valueRequired":true,"valueName":"search_term_string"}}],"inLanguage":"ru-RU"},{"@type":"Organization","@id":"https:\/\/www.bandifoods.eu\/#organization","name":"BandiFoods","url":"https:\/\/www.bandifoods.eu\/","logo":{"@type":"ImageObject","inLanguage":"ru-RU","@id":"https:\/\/www.bandifoods.eu\/#\/schema\/logo\/image\/","url":"https:\/\/www.bandifoods.eu\/wp-content\/uploads\/2019\/01\/logo.png","contentUrl":"https:\/\/www.bandifoods.eu\/wp-content\/uploads\/2019\/01\/logo.png","width":136,"height":107,"caption":"BandiFoods"},"image":{"@id":"https:\/\/www.bandifoods.eu\/#\/schema\/logo\/image\/"}}]}},"_links":{"self":[{"href":"https:\/\/www.bandifoods.eu\/ru\/wp-json\/wp\/v2\/product\/4088","targetHints":{"allow":["GET"]}}],"collection":[{"href":"https:\/\/www.bandifoods.eu\/ru\/wp-json\/wp\/v2\/product"}],"about":[{"href":"https:\/\/www.bandifoods.eu\/ru\/wp-json\/wp\/v2\/types\/product"}],"wp:featuredmedia":[{"embeddable":true,"href":"https:\/\/www.bandifoods.eu\/ru\/wp-json\/wp\/v2\/media\/4083"}],"wp:attachment":[{"href":"https:\/\/www.bandifoods.eu\/ru\/wp-json\/wp\/v2\/media?parent=4088"}],"wp:term":[{"taxonomy":"product_brand","embeddable":true,"href":"https:\/\/www.bandifoods.eu\/ru\/wp-json\/wp\/v2\/product_brand?post=4088"},{"taxonomy":"product_cat","embeddable":true,"href":"https:\/\/www.bandifoods.eu\/ru\/wp-json\/wp\/v2\/product_cat?post=4088"},{"taxonomy":"product_tag","embeddable":true,"href":"https:\/\/www.bandifoods.eu\/ru\/wp-json\/wp\/v2\/product_tag?post=4088"}],"curies":[{"name":"wp","href":"https:\/\/api.w.org\/{rel}","templated":true}]}}